{"id":52,"date":"2025-07-09T17:07:10","date_gmt":"2025-07-09T17:07:10","guid":{"rendered":"https:\/\/120.edukovac.xyz\/?page_id=52"},"modified":"2025-07-09T19:20:24","modified_gmt":"2025-07-09T19:20:24","slug":"o-nama","status":"publish","type":"page","link":"https:\/\/120.edukovac.xyz\/index.php\/o-nama\/","title":{"rendered":"O nama"},"content":{"rendered":"<p>[et_pb_section fb_built=&#8221;1&#8243; theme_builder_area=&#8221;post_content&#8221; _builder_version=&#8221;4.15.1&#8243; _module_preset=&#8221;default&#8221;][et_pb_row _builder_version=&#8221;4.15.1&#8243; _module_preset=&#8221;default&#8221; theme_builder_area=&#8221;post_content&#8221;][et_pb_column _builder_version=&#8221;4.15.1&#8243; _module_preset=&#8221;default&#8221; type=&#8221;4_4&#8243; theme_builder_area=&#8221;post_content&#8221;][et_pb_text _builder_version=&#8221;4.15.1&#8243; _module_preset=&#8221;default&#8221; theme_builder_area=&#8221;post_content&#8221; hover_enabled=&#8221;0&#8243; sticky_enabled=&#8221;0&#8243;]<\/p>\n<p><span><strong>\u0160kola tenisa Gile \u2013 mesto gde tenis postaje radost<\/strong><\/span><\/p>\n<p><span>\u0160kola tenisa Gile ve\u0107 vi\u0161e od 30 godina pru\u017ea deci i mladima priliku da se razvijaju kroz sport. Programi su pa\u017eljivo osmi\u0161ljeni za sve uzraste \u2013 od najmla\u0111ih po\u010detnika do ozbiljnih takmi\u010dara. Treneri su licencirani, posve\u0107eni i imaju bogato iskustvo u radu sa decom.<\/span><\/p>\n<p><span>U \u0161koli se neguje individualni pristup, uz kombinaciju grupnih i privatnih \u010dasova. Poseban akcenat stavlja se na pravilnu tehniku, mentalnu pripremu i razvoj motori\u010dkih ve\u0161tina. Kroz igru, zabavu i sistematski rad, deca sti\u010du korisne navike, samopouzdanje i ljubav prema sportu.<\/span><\/p>\n<p><span>Programi uklju\u010duju Todi tenis za najmla\u0111e, rekreativni tenis za sve uzraste, takmi\u010darski tenis za ambiciozne igra\u010de, kao i porodi\u010dni i kardio tenis. \u0160kola nudi i video analizu udaraca, kao i mogu\u0107nost \u0161kolovanja u inostranstvu kroz tenis.<\/span><\/p>\n<h2><\/h2>\n<p>[\/et_pb_text][\/et_pb_column][\/et_pb_row][\/et_pb_section]<\/p>\n","protected":false},"excerpt":{"rendered":"<p>\u0160kola tenisa Gile \u2013 mesto gde tenis postaje radost \u0160kola tenisa Gile ve\u0107 vi\u0161e od 30 godina pru\u017ea deci i mladima priliku da se razvijaju kroz sport. Programi su pa\u017eljivo osmi\u0161ljeni za sve uzraste \u2013 od najmla\u0111ih po\u010detnika do ozbiljnih takmi\u010dara. Treneri su licencirani, posve\u0107eni i imaju bogato iskustvo u radu sa decom. U \u0161koli [&hellip;]<\/p>\n","protected":false},"author":1,"featured_media":0,"parent":0,"menu_order":0,"comment_status":"closed","ping_status":"closed","template":"","meta":{"_et_pb_use_builder":"on","_et_pb_old_content":"","_et_gb_content_width":"","footnotes":""},"class_list":["post-52","page","type-page","status-publish","hentry"],"_links":{"self":[{"href":"https:\/\/120.edukovac.xyz\/index.php\/wp-json\/wp\/v2\/pages\/52","targetHints":{"allow":["GET"]}}],"collection":[{"href":"https:\/\/120.edukovac.xyz\/index.php\/wp-json\/wp\/v2\/pages"}],"about":[{"href":"https:\/\/120.edukovac.xyz\/index.php\/wp-json\/wp\/v2\/types\/page"}],"author":[{"embeddable":true,"href":"https:\/\/120.edukovac.xyz\/index.php\/wp-json\/wp\/v2\/users\/1"}],"replies":[{"embeddable":true,"href":"https:\/\/120.edukovac.xyz\/index.php\/wp-json\/wp\/v2\/comments?post=52"}],"version-history":[{"count":4,"href":"https:\/\/120.edukovac.xyz\/index.php\/wp-json\/wp\/v2\/pages\/52\/revisions"}],"predecessor-version":[{"id":76,"href":"https:\/\/120.edukovac.xyz\/index.php\/wp-json\/wp\/v2\/pages\/52\/revisions\/76"}],"wp:attachment":[{"href":"https:\/\/120.edukovac.xyz\/index.php\/wp-json\/wp\/v2\/media?parent=52"}],"curies":[{"name":"wp","href":"https:\/\/api.w.org\/{rel}","templated":true}]}}